{"id":9,"date":"2026-01-16T09:25:43","date_gmt":"2026-01-16T08:25:43","guid":{"rendered":"http:\/\/babl-bau.de.w0211c40.kasserver.com\/?page_id=9"},"modified":"2026-02-09T13:16:05","modified_gmt":"2026-02-09T12:16:05","slug":"startseite","status":"publish","type":"page","link":"https:\/\/babl-bau.de\/","title":{"rendered":"Startseite"},"content":{"rendered":"\t\t<div data-elementor-type=\"wp-page\" data-elementor-id=\"9\" class=\"elementor elementor-9\">\n\t\t\t\t<div class=\"elementor-element elementor-element-794d9052 e-con-full e-flex e-con e-parent\" data-id=\"794d9052\" data-element_type=\"container\" data-settings=\"{&quot;background_background&quot;:&quot;classic&quot;}\">\n\t\t<div class=\"elementor-element elementor-element-3330e378 e-con-full e-flex e-con e-child\" data-id=\"3330e378\" data-element_type=\"container\" data-settings=\"{&quot;background_background&quot;:&quot;classic&quot;}\">\n\t\t\t\t<div class=\"elementor-element elementor-element-4181f502 elementor-widget elementor-widget-heading\" data-id=\"4181f502\" data-element_type=\"widget\" data-widget_type=\"heading.default\">\n\t\t\t\t\t<h1 class=\"elementor-heading-title elementor-size-default\">Horst Babl Bauunternehmung<\/h1>\t\t\t\t<\/div>\n\t\t\t\t<div class=\"elementor-element elementor-element-12e11b92 elementor-widget elementor-widget-text-editor\" data-id=\"12e11b92\" data-element_type=\"widget\" data-widget_type=\"text-editor.default\">\n\t\t\t\t\t\t\t\t\t<p>Neubau. Umbau. Renovierung.<\/p><p>Wir sind Ihr Partner im Oberland, seit \u00fcber 60 Jahren.<\/p>\t\t\t\t\t\t\t\t<\/div>\n\t\t\t\t<div class=\"elementor-element elementor-element-34116763 elementor-mobile-align-center elementor-widget elementor-widget-button\" data-id=\"34116763\" data-element_type=\"widget\" data-widget_type=\"button.default\">\n\t\t\t\t\t\t\t\t\t\t<a class=\"elementor-button elementor-button-link elementor-size-sm\" href=\"https:\/\/babl-bau.de\/?page_id=16\">\n\t\t\t\t\t\t<span class=\"elementor-button-content-wrapper\">\n\t\t\t\t\t\t\t\t\t<span class=\"elementor-button-text\">Kontakt aufnehmen<\/span>\n\t\t\t\t\t<\/span>\n\t\t\t\t\t<\/a>\n\t\t\t\t\t\t\t\t<\/div>\n\t\t\t\t<\/div>\n\t\t\t\t<\/div>\n\t\t<div class=\"elementor-element elementor-element-60acc136 e-flex e-con-boxed e-con e-parent\" data-id=\"60acc136\" data-element_type=\"container\">\n\t\t\t\t\t<div class=\"e-con-inner\">\n\t\t<div class=\"elementor-element elementor-element-76a6abe2 e-con-full e-flex e-con e-child\" data-id=\"76a6abe2\" data-element_type=\"container\">\n\t\t<div class=\"elementor-element elementor-element-ed785e2 e-con-full e-flex e-con e-child\" data-id=\"ed785e2\" data-element_type=\"container\">\n\t\t\t\t<div class=\"elementor-element elementor-element-6644bc9 elementor-widget elementor-widget-image\" data-id=\"6644bc9\" data-element_type=\"widget\" data-widget_type=\"image.default\">\n\t\t\t\t\t\t\t\t\t\t\t\t\t\t\t<img fetchpriority=\"high\" decoding=\"async\" width=\"500\" height=\"500\" src=\"https:\/\/babl-bau.de\/wp-content\/uploads\/2026\/01\/IMG_1867.jpg\" class=\"attachment-large size-large wp-image-133\" alt=\"\" srcset=\"https:\/\/babl-bau.de\/wp-content\/uploads\/2026\/01\/IMG_1867.jpg 500w, https:\/\/babl-bau.de\/wp-content\/uploads\/2026\/01\/IMG_1867-300x300.jpg 300w, https:\/\/babl-bau.de\/wp-content\/uploads\/2026\/01\/IMG_1867-150x150.jpg 150w\" sizes=\"(max-width: 500px) 100vw, 500px\" \/>\t\t\t\t\t\t\t\t\t\t\t\t\t\t\t<\/div>\n\t\t\t\t<div class=\"elementor-element elementor-element-464f22e elementor-widget elementor-widget-image\" data-id=\"464f22e\" data-element_type=\"widget\" data-widget_type=\"image.default\">\n\t\t\t\t\t\t\t\t\t\t\t\t\t\t\t<img decoding=\"async\" width=\"500\" height=\"500\" src=\"https:\/\/babl-bau.de\/wp-content\/uploads\/2026\/01\/IMG_2173.jpg\" class=\"attachment-large size-large wp-image-134\" alt=\"\" srcset=\"https:\/\/babl-bau.de\/wp-content\/uploads\/2026\/01\/IMG_2173.jpg 500w, https:\/\/babl-bau.de\/wp-content\/uploads\/2026\/01\/IMG_2173-300x300.jpg 300w, https:\/\/babl-bau.de\/wp-content\/uploads\/2026\/01\/IMG_2173-150x150.jpg 150w\" sizes=\"(max-width: 500px) 100vw, 500px\" \/>\t\t\t\t\t\t\t\t\t\t\t\t\t\t\t<\/div>\n\t\t\t\t<\/div>\n\t\t<div class=\"elementor-element elementor-element-490314c2 e-con-full e-flex e-con e-child\" data-id=\"490314c2\" data-element_type=\"container\">\n\t\t\t\t<div class=\"elementor-element elementor-element-7f6e86de elementor-widget elementor-widget-image\" data-id=\"7f6e86de\" data-element_type=\"widget\" data-widget_type=\"image.default\">\n\t\t\t\t\t\t\t\t\t\t\t\t\t\t\t<img decoding=\"async\" width=\"500\" height=\"500\" src=\"https:\/\/babl-bau.de\/wp-content\/uploads\/2026\/01\/IMG_1845.jpg\" class=\"attachment-large size-large wp-image-132\" alt=\"\" srcset=\"https:\/\/babl-bau.de\/wp-content\/uploads\/2026\/01\/IMG_1845.jpg 500w, https:\/\/babl-bau.de\/wp-content\/uploads\/2026\/01\/IMG_1845-300x300.jpg 300w, https:\/\/babl-bau.de\/wp-content\/uploads\/2026\/01\/IMG_1845-150x150.jpg 150w\" sizes=\"(max-width: 500px) 100vw, 500px\" \/>\t\t\t\t\t\t\t\t\t\t\t\t\t\t\t<\/div>\n\t\t\t\t<div class=\"elementor-element elementor-element-37d8f974 elementor-widget elementor-widget-image\" data-id=\"37d8f974\" data-element_type=\"widget\" data-widget_type=\"image.default\">\n\t\t\t\t\t\t\t\t\t\t\t\t\t\t\t<img loading=\"lazy\" decoding=\"async\" width=\"800\" height=\"534\" src=\"https:\/\/babl-bau.de\/wp-content\/uploads\/2026\/01\/Baustelle-Ziegel-1024x683.png\" class=\"attachment-large size-large wp-image-140\" alt=\"\" srcset=\"https:\/\/babl-bau.de\/wp-content\/uploads\/2026\/01\/Baustelle-Ziegel-1024x683.png 1024w, https:\/\/babl-bau.de\/wp-content\/uploads\/2026\/01\/Baustelle-Ziegel-300x200.png 300w, https:\/\/babl-bau.de\/wp-content\/uploads\/2026\/01\/Baustelle-Ziegel-768x512.png 768w, https:\/\/babl-bau.de\/wp-content\/uploads\/2026\/01\/Baustelle-Ziegel.png 1536w\" sizes=\"(max-width: 800px) 100vw, 800px\" \/>\t\t\t\t\t\t\t\t\t\t\t\t\t\t\t<\/div>\n\t\t\t\t<\/div>\n\t\t\t\t<\/div>\n\t\t<div class=\"elementor-element elementor-element-18c5a1c5 e-con-full e-flex e-con e-child\" data-id=\"18c5a1c5\" data-element_type=\"container\">\n\t\t\t\t<div class=\"elementor-element elementor-element-778b9146 elementor-widget elementor-widget-heading\" data-id=\"778b9146\" data-element_type=\"widget\" data-widget_type=\"heading.default\">\n\t\t\t\t\t<h2 class=\"elementor-heading-title elementor-size-default\">\u00dcber Babl Bau<\/h2>\t\t\t\t<\/div>\n\t\t\t\t<div class=\"elementor-element elementor-element-4dbe4792 elementor-widget elementor-widget-text-editor\" data-id=\"4dbe4792\" data-element_type=\"widget\" data-widget_type=\"text-editor.default\">\n\t\t\t\t\t\t\t\t\t<p>Die Horst Babl Bauunternehmung ist ein familiengef\u00fchrtes Bauunternehmen in dritter Generation mit Sitz in Waakirchen. Seit \u00fcber 60 Jahren stehen wir f\u00fcr zuverl\u00e4ssige<br \/>Bauqualit\u00e4t, saubere Ausf\u00fchrung und termingerechte Umsetzung.<\/p><p>Unser Schwerpunkt liegt im Rohbau von Massivh\u00e4usern. Dar\u00fcber hinaus realisieren wir Umbauten sowie Renovierungen f\u00fcr private und gewerbliche Auftraggeber.\u00a0<\/p><p>Wir sind \u00fcberwiegend im Oberland t\u00e4tig \u2013 insbesondere in<br \/>der Region Tegernsee, Holzkirchen sowie im Raum M\u00fcnchen. Wir haben auch immer wieder Auftr\u00e4ge in Bad T\u00f6lz oder Wolfratshausen.<\/p>\t\t\t\t\t\t\t\t<\/div>\n\t\t\t\t<div class=\"elementor-element elementor-element-4aef1aef elementor-mobile-align-center elementor-widget elementor-widget-button\" data-id=\"4aef1aef\" data-element_type=\"widget\" data-widget_type=\"button.default\">\n\t\t\t\t\t\t\t\t\t\t<a class=\"elementor-button elementor-button-link elementor-size-sm\" href=\"https:\/\/babl-bau.de\/?page_id=14\">\n\t\t\t\t\t\t<span class=\"elementor-button-content-wrapper\">\n\t\t\t\t\t\t\t\t\t<span class=\"elementor-button-text\">Mehr erfahren<\/span>\n\t\t\t\t\t<\/span>\n\t\t\t\t\t<\/a>\n\t\t\t\t\t\t\t\t<\/div>\n\t\t\t\t<\/div>\n\t\t\t\t\t<\/div>\n\t\t\t\t<\/div>\n\t\t<div class=\"elementor-element elementor-element-15fabcfa e-con-full e-flex e-con e-parent\" data-id=\"15fabcfa\" data-element_type=\"container\" id=\"next\">\n\t\t\t\t<div class=\"elementor-element elementor-element-51c4cd28 elementor-widget elementor-widget-heading\" data-id=\"51c4cd28\" data-element_type=\"widget\" data-widget_type=\"heading.default\">\n\t\t\t\t\t<h2 class=\"elementor-heading-title elementor-size-default\">Unsere Leistungen<\/h2>\t\t\t\t<\/div>\n\t\t\t\t<div class=\"elementor-element elementor-element-b13f0e1 elementor-widget elementor-widget-heading\" data-id=\"b13f0e1\" data-element_type=\"widget\" data-widget_type=\"heading.default\">\n\t\t\t\t\t<div class=\"elementor-heading-title elementor-size-default\">Mit handwerklicher Erfahrung und regionaler Verwurzelung realisieren wir Bauprojekte zuverl\u00e4ssig und pr\u00e4zise.<\/div>\t\t\t\t<\/div>\n\t\t<div class=\"elementor-element elementor-element-3014253f e-con-full e-flex e-con e-child\" data-id=\"3014253f\" data-element_type=\"container\">\n\t\t<div class=\"elementor-element elementor-element-6b361057 e-con-full e-flex e-con e-child\" data-id=\"6b361057\" data-element_type=\"container\">\n\t\t\t\t<div class=\"elementor-element elementor-element-6c1bed27 elementor-position-top elementor-widget elementor-widget-image-box\" data-id=\"6c1bed27\" data-element_type=\"widget\" data-widget_type=\"image-box.default\">\n\t\t\t\t\t<div class=\"elementor-image-box-wrapper\"><figure class=\"elementor-image-box-img\"><img loading=\"lazy\" decoding=\"async\" width=\"1536\" height=\"1024\" src=\"https:\/\/babl-bau.de\/wp-content\/uploads\/2026\/01\/Neubau-EFH.png\" class=\"elementor-animation-grow attachment-full size-full wp-image-139\" alt=\"\" srcset=\"https:\/\/babl-bau.de\/wp-content\/uploads\/2026\/01\/Neubau-EFH.png 1536w, https:\/\/babl-bau.de\/wp-content\/uploads\/2026\/01\/Neubau-EFH-300x200.png 300w, https:\/\/babl-bau.de\/wp-content\/uploads\/2026\/01\/Neubau-EFH-1024x683.png 1024w, https:\/\/babl-bau.de\/wp-content\/uploads\/2026\/01\/Neubau-EFH-768x512.png 768w\" sizes=\"(max-width: 1536px) 100vw, 1536px\" \/><\/figure><div class=\"elementor-image-box-content\"><h3 class=\"elementor-image-box-title\">Rohbau<\/h3><p class=\"elementor-image-box-description\">Pr\u00e4zise Rohbauarbeiten f\u00fcr Wohn- und Gewerbebauten \u2013 stabile Grundlagen f\u00fcr langlebige Bauprojekte.<\/p><\/div><\/div>\t\t\t\t<\/div>\n\t\t\t\t<\/div>\n\t\t<div class=\"elementor-element elementor-element-c5ae9ab e-con-full e-flex e-con e-child\" data-id=\"c5ae9ab\" data-element_type=\"container\">\n\t\t\t\t<div class=\"elementor-element elementor-element-729cf786 elementor-position-top elementor-widget elementor-widget-image-box\" data-id=\"729cf786\" data-element_type=\"widget\" data-widget_type=\"image-box.default\">\n\t\t\t\t\t<div class=\"elementor-image-box-wrapper\"><figure class=\"elementor-image-box-img\"><img loading=\"lazy\" decoding=\"async\" width=\"1536\" height=\"1024\" src=\"https:\/\/babl-bau.de\/wp-content\/uploads\/2026\/01\/Sichtbeton-Kathan.png\" class=\"elementor-animation-grow attachment-full size-full wp-image-138\" alt=\"\" srcset=\"https:\/\/babl-bau.de\/wp-content\/uploads\/2026\/01\/Sichtbeton-Kathan.png 1536w, https:\/\/babl-bau.de\/wp-content\/uploads\/2026\/01\/Sichtbeton-Kathan-300x200.png 300w, https:\/\/babl-bau.de\/wp-content\/uploads\/2026\/01\/Sichtbeton-Kathan-1024x683.png 1024w, https:\/\/babl-bau.de\/wp-content\/uploads\/2026\/01\/Sichtbeton-Kathan-768x512.png 768w\" sizes=\"(max-width: 1536px) 100vw, 1536px\" \/><\/figure><div class=\"elementor-image-box-content\"><h3 class=\"elementor-image-box-title\">Neubau<\/h3><p class=\"elementor-image-box-description\">Zuverl\u00e4ssige Umsetzung von Neubauten f\u00fcr private und gewerbliche Bauherren \u2013 von Beginn an durchdacht.<\/p><\/div><\/div>\t\t\t\t<\/div>\n\t\t\t\t<\/div>\n\t\t<div class=\"elementor-element elementor-element-191b66ab e-con-full e-flex e-con e-child\" data-id=\"191b66ab\" data-element_type=\"container\">\n\t\t\t\t<div class=\"elementor-element elementor-element-1673dbaa elementor-position-top elementor-widget elementor-widget-image-box\" data-id=\"1673dbaa\" data-element_type=\"widget\" data-widget_type=\"image-box.default\">\n\t\t\t\t\t<div class=\"elementor-image-box-wrapper\"><figure class=\"elementor-image-box-img\"><img loading=\"lazy\" decoding=\"async\" width=\"1200\" height=\"1600\" src=\"https:\/\/babl-bau.de\/wp-content\/uploads\/2026\/01\/Umbau-Dahlem.jpeg\" class=\"elementor-animation-grow attachment-full size-full wp-image-136\" alt=\"\" srcset=\"https:\/\/babl-bau.de\/wp-content\/uploads\/2026\/01\/Umbau-Dahlem.jpeg 1200w, https:\/\/babl-bau.de\/wp-content\/uploads\/2026\/01\/Umbau-Dahlem-225x300.jpeg 225w, https:\/\/babl-bau.de\/wp-content\/uploads\/2026\/01\/Umbau-Dahlem-768x1024.jpeg 768w, https:\/\/babl-bau.de\/wp-content\/uploads\/2026\/01\/Umbau-Dahlem-1152x1536.jpeg 1152w\" sizes=\"(max-width: 1200px) 100vw, 1200px\" \/><\/figure><div class=\"elementor-image-box-content\"><h3 class=\"elementor-image-box-title\">Umbau<\/h3><p class=\"elementor-image-box-description\">Fachgerechte Umbauten im Bestand \u2013 funktionale Anpassungen sauber geplant und handwerklich umgesetzt.<\/p><\/div><\/div>\t\t\t\t<\/div>\n\t\t\t\t<\/div>\n\t\t<div class=\"elementor-element elementor-element-2f32b908 e-con-full e-flex e-con e-child\" data-id=\"2f32b908\" data-element_type=\"container\">\n\t\t\t\t<div class=\"elementor-element elementor-element-30923b8a elementor-position-top elementor-widget elementor-widget-image-box\" data-id=\"30923b8a\" data-element_type=\"widget\" data-widget_type=\"image-box.default\">\n\t\t\t\t\t<div class=\"elementor-image-box-wrapper\"><figure class=\"elementor-image-box-img\"><img loading=\"lazy\" decoding=\"async\" width=\"2048\" height=\"1536\" src=\"https:\/\/babl-bau.de\/wp-content\/uploads\/2026\/01\/Renovierung-Heckler.jpeg\" class=\"elementor-animation-grow attachment-full size-full wp-image-137\" alt=\"\" srcset=\"https:\/\/babl-bau.de\/wp-content\/uploads\/2026\/01\/Renovierung-Heckler.jpeg 2048w, https:\/\/babl-bau.de\/wp-content\/uploads\/2026\/01\/Renovierung-Heckler-300x225.jpeg 300w, https:\/\/babl-bau.de\/wp-content\/uploads\/2026\/01\/Renovierung-Heckler-1024x768.jpeg 1024w, https:\/\/babl-bau.de\/wp-content\/uploads\/2026\/01\/Renovierung-Heckler-768x576.jpeg 768w, https:\/\/babl-bau.de\/wp-content\/uploads\/2026\/01\/Renovierung-Heckler-1536x1152.jpeg 1536w\" sizes=\"(max-width: 2048px) 100vw, 2048px\" \/><\/figure><div class=\"elementor-image-box-content\"><h3 class=\"elementor-image-box-title\">Renovierung<\/h3><p class=\"elementor-image-box-description\">Sorgf\u00e4ltige Renovierungsarbeiten zur Werterhaltung und Modernisierung bestehender Geb\u00e4ude im Oberland.<\/p><\/div><\/div>\t\t\t\t<\/div>\n\t\t\t\t<\/div>\n\t\t\t\t<\/div>\n\t\t\t\t<\/div>\n\t\t<div class=\"elementor-element elementor-element-52c8e4c4 e-flex e-con-boxed e-con e-parent\" data-id=\"52c8e4c4\" data-element_type=\"container\" data-settings=\"{&quot;background_background&quot;:&quot;classic&quot;}\">\n\t\t\t\t\t<div class=\"e-con-inner\">\n\t\t<div class=\"elementor-element elementor-element-84f5282 e-con-full e-flex e-con e-child\" data-id=\"84f5282\" data-element_type=\"container\">\n\t\t\t\t<div class=\"elementor-element elementor-element-4b3b4fd4 elementor-widget elementor-widget-heading\" data-id=\"4b3b4fd4\" data-element_type=\"widget\" data-widget_type=\"heading.default\">\n\t\t\t\t\t<h2 class=\"elementor-heading-title elementor-size-default\">Warum Babl Bau?<\/h2>\t\t\t\t<\/div>\n\t\t<div class=\"elementor-element elementor-element-63ed40ff e-con-full e-flex e-con e-child\" data-id=\"63ed40ff\" data-element_type=\"container\">\n\t\t\t\t<div class=\"elementor-element elementor-element-5dc40a20 elementor-widget__width-initial elementor-widget elementor-widget-icon-box\" data-id=\"5dc40a20\" data-element_type=\"widget\" data-widget_type=\"icon-box.default\">\n\t\t\t\t\t\t\t<div class=\"elementor-icon-box-wrapper\">\n\n\t\t\t\n\t\t\t\t\t\t<div class=\"elementor-icon-box-content\">\n\n\t\t\t\t\t\t\t\t\t<h4 class=\"elementor-icon-box-title\">\n\t\t\t\t\t\t<span  >\n\t\t\t\t\t\t\tFamilienunternehmen in 3. Generation\t\t\t\t\t\t<\/span>\n\t\t\t\t\t<\/h4>\n\t\t\t\t\n\t\t\t\t\t\t\t\t\t<p class=\"elementor-icon-box-description\">\n\t\t\t\t\t\tFamiliengef\u00fchrt in dritter Generation mit \u00fcber 60 Jahren Bauerfahrung.\t\t\t\t\t<\/p>\n\t\t\t\t\n\t\t\t<\/div>\n\t\t\t\n\t\t<\/div>\n\t\t\t\t\t\t<\/div>\n\t\t\t\t<div class=\"elementor-element elementor-element-21fcb947 elementor-widget__width-initial elementor-widget elementor-widget-icon-box\" data-id=\"21fcb947\" data-element_type=\"widget\" data-widget_type=\"icon-box.default\">\n\t\t\t\t\t\t\t<div class=\"elementor-icon-box-wrapper\">\n\n\t\t\t\n\t\t\t\t\t\t<div class=\"elementor-icon-box-content\">\n\n\t\t\t\t\t\t\t\t\t<h4 class=\"elementor-icon-box-title\">\n\t\t\t\t\t\t<span  >\n\t\t\t\t\t\t\tRegional verwurzelt\t\t\t\t\t\t<\/span>\n\t\t\t\t\t<\/h4>\n\t\t\t\t\n\t\t\t\t\t\t\t\t\t<p class=\"elementor-icon-box-description\">\n\t\t\t\t\t\tRegional t\u00e4tig im Oberland, Tegernsee, Holzkirchen und Raum M\u00fcnchen.\t\t\t\t\t<\/p>\n\t\t\t\t\n\t\t\t<\/div>\n\t\t\t\n\t\t<\/div>\n\t\t\t\t\t\t<\/div>\n\t\t\t\t<div class=\"elementor-element elementor-element-215aadf5 elementor-widget__width-initial elementor-widget elementor-widget-icon-box\" data-id=\"215aadf5\" data-element_type=\"widget\" data-widget_type=\"icon-box.default\">\n\t\t\t\t\t\t\t<div class=\"elementor-icon-box-wrapper\">\n\n\t\t\t\n\t\t\t\t\t\t<div class=\"elementor-icon-box-content\">\n\n\t\t\t\t\t\t\t\t\t<h4 class=\"elementor-icon-box-title\">\n\t\t\t\t\t\t<span  >\n\t\t\t\t\t\t\tRohbau-Kompetenz\t\t\t\t\t\t<\/span>\n\t\t\t\t\t<\/h4>\n\t\t\t\t\n\t\t\t\t\t\t\t\t\t<p class=\"elementor-icon-box-description\">\n\t\t\t\t\t\tSpezialisiert auf pr\u00e4zisen Rohbau als stabile Basis jedes Bauprojekts.\t\t\t\t\t<\/p>\n\t\t\t\t\n\t\t\t<\/div>\n\t\t\t\n\t\t<\/div>\n\t\t\t\t\t\t<\/div>\n\t\t\t\t<div class=\"elementor-element elementor-element-e36e206 elementor-widget__width-initial elementor-widget elementor-widget-icon-box\" data-id=\"e36e206\" data-element_type=\"widget\" data-widget_type=\"icon-box.default\">\n\t\t\t\t\t\t\t<div class=\"elementor-icon-box-wrapper\">\n\n\t\t\t\n\t\t\t\t\t\t<div class=\"elementor-icon-box-content\">\n\n\t\t\t\t\t\t\t\t\t<h4 class=\"elementor-icon-box-title\">\n\t\t\t\t\t\t<span  >\n\t\t\t\t\t\t\tQualit\u00e4t &amp; Zuverl\u00e4ssigkeit\t\t\t\t\t\t<\/span>\n\t\t\t\t\t<\/h4>\n\t\t\t\t\n\t\t\t\t\t\t\t\t\t<p class=\"elementor-icon-box-description\">\n\t\t\t\t\t\tSaubere Ausf\u00fchrung, klare Absprachen und termingerechte Umsetzung.\t\t\t\t\t<\/p>\n\t\t\t\t\n\t\t\t<\/div>\n\t\t\t\n\t\t<\/div>\n\t\t\t\t\t\t<\/div>\n\t\t\t\t<\/div>\n\t\t\t\t<\/div>\n\t\t\t\t\t<\/div>\n\t\t\t\t<\/div>\n\t\t<div class=\"elementor-element elementor-element-60d957bd e-flex e-con-boxed e-con e-parent\" data-id=\"60d957bd\" data-element_type=\"container\">\n\t\t\t\t\t<div class=\"e-con-inner\">\n\t\t\t\t<div class=\"elementor-element elementor-element-603478dc elementor-widget elementor-widget-heading\" data-id=\"603478dc\" data-element_type=\"widget\" data-widget_type=\"heading.default\">\n\t\t\t\t\t<h2 class=\"elementor-heading-title elementor-size-default\">Meinungen unserer Kunden<\/h2>\t\t\t\t<\/div>\n\t\t<div class=\"elementor-element elementor-element-3d0507d8 e-con-full e-flex e-con e-child\" data-id=\"3d0507d8\" data-element_type=\"container\">\n\t\t<div class=\"elementor-element elementor-element-5144f373 e-con-full e-flex e-con e-child\" data-id=\"5144f373\" data-element_type=\"container\">\n\t\t\t\t<div class=\"elementor-element elementor-element-75a7dee elementor-widget elementor-widget-testimonial\" data-id=\"75a7dee\" data-element_type=\"widget\" data-widget_type=\"testimonial.default\">\n\t\t\t\t\t\t\t<div class=\"elementor-testimonial-wrapper\">\n\t\t\t\t\t\t\t<div class=\"elementor-testimonial-content\">Sehr kompetente und partnerschaftliche Zusammenarbeit mit der Firma Babl. Immer zuverl\u00e4ssig und sehr saubere Arbeit.\nAbsolut zu empfehlen.<\/div>\n\t\t\t\n\t\t\t\t\t\t<div class=\"elementor-testimonial-meta\">\n\t\t\t\t<div class=\"elementor-testimonial-meta-inner\">\n\t\t\t\t\t\n\t\t\t\t\t\t\t\t\t\t<div class=\"elementor-testimonial-details\">\n\t\t\t\t\t\t\t\t\t\t\t\t\t\t<div class=\"elementor-testimonial-name\">J. Mitterbauer<\/div>\n\t\t\t\t\t\t\t\t\t\t\t\t\t\t\t\t\t\t\t<\/div>\n\t\t\t\t\t\t\t\t\t<\/div>\n\t\t\t<\/div>\n\t\t\t\t\t<\/div>\n\t\t\t\t\t\t<\/div>\n\t\t\t\t<\/div>\n\t\t<div class=\"elementor-element elementor-element-315f3aa1 e-con-full e-flex e-con e-child\" data-id=\"315f3aa1\" data-element_type=\"container\">\n\t\t\t\t<div class=\"elementor-element elementor-element-4ff6b265 elementor-widget elementor-widget-testimonial\" data-id=\"4ff6b265\" data-element_type=\"widget\" data-widget_type=\"testimonial.default\">\n\t\t\t\t\t\t\t<div class=\"elementor-testimonial-wrapper\">\n\t\t\t\t\t\t\t<div class=\"elementor-testimonial-content\">Babl Bau verdient h\u00f6chste Bewertung [...].\n\nSehr gutes und optisch ansprechendes Ergebnis der Umbauarbeiten.\nMein Dank gilt dem Gesch\u00e4ftsf\u00fchrer Herrn Schulz und seinen engagierten und umsichtigen Mitarbeitern.\n<\/div>\n\t\t\t\n\t\t\t\t\t\t<div class=\"elementor-testimonial-meta\">\n\t\t\t\t<div class=\"elementor-testimonial-meta-inner\">\n\t\t\t\t\t\n\t\t\t\t\t\t\t\t\t\t<div class=\"elementor-testimonial-details\">\n\t\t\t\t\t\t\t\t\t\t\t\t\t\t<div class=\"elementor-testimonial-name\">C. Dahlem<\/div>\n\t\t\t\t\t\t\t\t\t\t\t\t\t\t\t\t\t\t\t<\/div>\n\t\t\t\t\t\t\t\t\t<\/div>\n\t\t\t<\/div>\n\t\t\t\t\t<\/div>\n\t\t\t\t\t\t<\/div>\n\t\t\t\t<\/div>\n\t\t<div class=\"elementor-element elementor-element-1bc6303b e-con-full e-flex e-con e-child\" data-id=\"1bc6303b\" data-element_type=\"container\">\n\t\t\t\t<div class=\"elementor-element elementor-element-1dd9267d elementor-widget elementor-widget-testimonial\" data-id=\"1dd9267d\" data-element_type=\"widget\" data-widget_type=\"testimonial.default\">\n\t\t\t\t\t\t\t<div class=\"elementor-testimonial-wrapper\">\n\t\t\t\t\t\t\t<div class=\"elementor-testimonial-content\">Sehr gr\u00fcndliche Arbeit, sehr netter und kompetenter Kontakt. Nur zu empfehlen.<\/div>\n\t\t\t\n\t\t\t\t\t\t<div class=\"elementor-testimonial-meta\">\n\t\t\t\t<div class=\"elementor-testimonial-meta-inner\">\n\t\t\t\t\t\n\t\t\t\t\t\t\t\t\t\t<div class=\"elementor-testimonial-details\">\n\t\t\t\t\t\t\t\t\t\t\t\t\t\t<div class=\"elementor-testimonial-name\">M. Grassinger<\/div>\n\t\t\t\t\t\t\t\t\t\t\t\t\t\t\t\t\t\t\t<\/div>\n\t\t\t\t\t\t\t\t\t<\/div>\n\t\t\t<\/div>\n\t\t\t\t\t<\/div>\n\t\t\t\t\t\t<\/div>\n\t\t\t\t<\/div>\n\t\t\t\t<\/div>\n\t\t\t\t\t<\/div>\n\t\t\t\t<\/div>\n\t\t<div class=\"elementor-element elementor-element-6195918b e-flex e-con-boxed e-con e-parent\" data-id=\"6195918b\" data-element_type=\"container\">\n\t\t\t\t\t<div class=\"e-con-inner\">\n\t\t\t\t<div class=\"elementor-element elementor-element-23237056 elementor-widget elementor-widget-heading\" data-id=\"23237056\" data-element_type=\"widget\" data-widget_type=\"heading.default\">\n\t\t\t\t\t<h2 class=\"elementor-heading-title elementor-size-default\">Ihr Bauprojekt im Oberland?<\/h2>\t\t\t\t<\/div>\n\t\t\t\t<div class=\"elementor-element elementor-element-4c00a5c8 elementor-widget elementor-widget-text-editor\" data-id=\"4c00a5c8\" data-element_type=\"widget\" data-widget_type=\"text-editor.default\">\n\t\t\t\t\t\t\t\t\t<p>Ob Neubau, Umbau oder Renovierung \u2013<br \/>wir beraten Sie gerne pers\u00f6nlich und unverbindlich.<\/p>\t\t\t\t\t\t\t\t<\/div>\n\t\t\t\t<div class=\"elementor-element elementor-element-ff7f5f2 elementor-align-center elementor-mobile-align-center elementor-widget elementor-widget-button\" data-id=\"ff7f5f2\" data-element_type=\"widget\" data-widget_type=\"button.default\">\n\t\t\t\t\t\t\t\t\t\t<a class=\"elementor-button elementor-button-link elementor-size-sm\" href=\"tel:+498024448\">\n\t\t\t\t\t\t<span class=\"elementor-button-content-wrapper\">\n\t\t\t\t\t\t<span class=\"elementor-button-icon\">\n\t\t\t\t<svg aria-hidden=\"true\" class=\"e-font-icon-svg e-fas-phone-alt\" viewBox=\"0 0 512 512\" xmlns=\"http:\/\/www.w3.org\/2000\/svg\"><path d=\"M497.39 361.8l-112-48a24 24 0 0 0-28 6.9l-49.6 60.6A370.66 370.66 0 0 1 130.6 204.11l60.6-49.6a23.94 23.94 0 0 0 6.9-28l-48-112A24.16 24.16 0 0 0 122.6.61l-104 24A24 24 0 0 0 0 48c0 256.5 207.9 464 464 464a24 24 0 0 0 23.4-18.6l24-104a24.29 24.29 0 0 0-14.01-27.6z\"><\/path><\/svg>\t\t\t<\/span>\n\t\t\t\t\t\t\t\t\t<span class=\"elementor-button-text\">Jetzt anrufen<\/span>\n\t\t\t\t\t<\/span>\n\t\t\t\t\t<\/a>\n\t\t\t\t\t\t\t\t<\/div>\n\t\t\t\t\t<\/div>\n\t\t\t\t<\/div>\n\t\t\t\t<\/div>\n\t\t","protected":false},"excerpt":{"rendered":"<p>Horst Babl Bauunternehmung Neubau. Umbau. Renovierung. Wir sind Ihr Partner im Oberland, seit \u00fcber 60 Jahren. Kontakt aufnehmen \u00dcber Babl Bau Die Horst Babl Bauunternehmung ist ein familiengef\u00fchrtes Bauunternehmen in dritter Generation mit Sitz in Waakirchen. Seit \u00fcber 60 Jahren stehen wir f\u00fcr zuverl\u00e4ssigeBauqualit\u00e4t, saubere Ausf\u00fchrung und termingerechte Umsetzung. Unser Schwerpunkt liegt im Rohbau von [&hellip;]<\/p>\n","protected":false},"author":1,"featured_media":0,"parent":0,"menu_order":0,"comment_status":"closed","ping_status":"closed","template":"","meta":{"footnotes":""},"class_list":["post-9","page","type-page","status-publish","hentry"],"_links":{"self":[{"href":"https:\/\/babl-bau.de\/index.php?rest_route=\/wp\/v2\/pages\/9","targetHints":{"allow":["GET"]}}],"collection":[{"href":"https:\/\/babl-bau.de\/index.php?rest_route=\/wp\/v2\/pages"}],"about":[{"href":"https:\/\/babl-bau.de\/index.php?rest_route=\/wp\/v2\/types\/page"}],"author":[{"embeddable":true,"href":"https:\/\/babl-bau.de\/index.php?rest_route=\/wp\/v2\/users\/1"}],"replies":[{"embeddable":true,"href":"https:\/\/babl-bau.de\/index.php?rest_route=%2Fwp%2Fv2%2Fcomments&post=9"}],"version-history":[{"count":10,"href":"https:\/\/babl-bau.de\/index.php?rest_route=\/wp\/v2\/pages\/9\/revisions"}],"predecessor-version":[{"id":343,"href":"https:\/\/babl-bau.de\/index.php?rest_route=\/wp\/v2\/pages\/9\/revisions\/343"}],"wp:attachment":[{"href":"https:\/\/babl-bau.de\/index.php?rest_route=%2Fwp%2Fv2%2Fmedia&parent=9"}],"curies":[{"name":"wp","href":"https:\/\/api.w.org\/{rel}","templated":true}]}}